{"id":1845,"date":"2022-02-24T11:55:45","date_gmt":"2022-02-24T11:55:45","guid":{"rendered":"https:\/\/canvida.net\/?page_id=1845"},"modified":"2022-02-24T11:57:08","modified_gmt":"2022-02-24T11:57:08","slug":"try-it","status":"publish","type":"page","link":"https:\/\/canvida.net\/en\/try-it\/","title":{"rendered":"(Espa\u00f1ol) Try-it"},"content":{"rendered":"<p class=\"qtranxs-available-languages-message qtranxs-available-languages-message-en\">Sorry, this entry is only available in <a href=\"https:\/\/canvida.net\/es\/wp-json\/wp\/v2\/pages\/1845\" class=\"qtranxs-available-language-link qtranxs-available-language-link-es\" title=\"Espa\u00f1ol\">Espa\u00f1ol<\/a>. For the sake of viewer convenience, the content is shown below in the alternative language. You may click the link to switch the active language.<\/p><p>Organizamos retiros a medida para grupos cerrados (o infantil o adultos), en fincas bonitas de Mallorca o Catalu\u00f1a y en veleros con base en la isla.<\/p>\n<p>Tengo la ventaja de conocer muy bien toda la isla y estar muy bien conectada tanto en tierra como en el mar. Esto me permite ayudar a definir el mejor retiro para cada grupo. Mediante un primer contacto de solicitud de informaci\u00f3n, y seg\u00fan el n\u00famero de personas, el tipo de comida, (vegana o vegetariana), las fechas, si es en finca o barco y varias otras prioridades, definiremos un precio y cerraremos fechas.<\/p>\n<p>Dos fines de semana al mes, disfrutamos de un retiro para grupo adulto abierto en una finca ecol\u00f3gica de Campos, Mallorca. <a href=\"https:\/\/canvida.net\/2022\/01\/31\/retiro-de-fin-de-semana-en-campos\/\">Pincha<\/a> para m\u00e1s informaci\u00f3n sobre el retiro;\u00a0 para consultar las fechas, ves a la plataforma de <a href=\"https:\/\/bookwhen.com\/irenecarbo?tags=retreat\">reservas<\/a>.<\/p>\n<p>No dudes en <a href=\"https:\/\/canvida.net\/contacto\/\">contactarme<\/a> si tienes preguntas, gracias.<\/p>\n<p>&nbsp;<\/p>","protected":false},"excerpt":{"rendered":"<p>Sorry, this entry is only available in Espa\u00f1ol. For the sake of viewer convenience, the content is shown below in the alternative language. You may click the link to switch the active language.Organizamos retiros a[&#8230;]<\/p>\n","protected":false},"author":1,"featured_media":0,"parent":0,"menu_order":0,"comment_status":"closed","ping_status":"closed","template":"","meta":{"_joinchat":[],"footnotes":""},"class_list":["post-1845","page","type-page","status-publish","hentry"],"_links":{"self":[{"href":"https:\/\/canvida.net\/en\/wp-json\/wp\/v2\/pages\/1845","targetHints":{"allow":["GET"]}}],"collection":[{"href":"https:\/\/canvida.net\/en\/wp-json\/wp\/v2\/pages"}],"about":[{"href":"https:\/\/canvida.net\/en\/wp-json\/wp\/v2\/types\/page"}],"author":[{"embeddable":true,"href":"https:\/\/canvida.net\/en\/wp-json\/wp\/v2\/users\/1"}],"replies":[{"embeddable":true,"href":"https:\/\/canvida.net\/en\/wp-json\/wp\/v2\/comments?post=1845"}],"version-history":[{"count":1,"href":"https:\/\/canvida.net\/en\/wp-json\/wp\/v2\/pages\/1845\/revisions"}],"predecessor-version":[{"id":1846,"href":"https:\/\/canvida.net\/en\/wp-json\/wp\/v2\/pages\/1845\/revisions\/1846"}],"wp:attachment":[{"href":"https:\/\/canvida.net\/en\/wp-json\/wp\/v2\/media?parent=1845"}],"curies":[{"name":"wp","href":"https:\/\/api.w.org\/{rel}","templated":true}]}}