{"id":236,"date":"2017-04-05T13:02:23","date_gmt":"2017-04-05T13:02:23","guid":{"rendered":"https:\/\/canvida.net\/?page_id=236"},"modified":"2020-04-27T08:52:17","modified_gmt":"2020-04-27T08:52:17","slug":"pequenas-ideas-de-gran-impacto","status":"publish","type":"page","link":"https:\/\/canvida.net\/en\/pequenas-ideas-de-gran-impacto\/","title":{"rendered":"The power of the consumption"},"content":{"rendered":"<p class=\"qtranxs-available-languages-message qtranxs-available-languages-message-en\">Sorry, this entry is only available in <a href=\"https:\/\/canvida.net\/es\/wp-json\/wp\/v2\/pages\/236\" class=\"qtranxs-available-language-link qtranxs-available-language-link-es\" title=\"Espa\u00f1ol\">Espa\u00f1ol<\/a>. For the sake of viewer convenience, the content is shown below in the alternative language. You may click the link to switch the active language.<\/p><p>Con este t\u00edtulo me refiero a que siento que una de las cosas con m\u00e1s poder para transformar el mundo material, ese en el que toda la gente se queja de lo destructiv@s que estamos siendo, al mismo tiempo que se fomenta directamente, con\u00a0los h\u00e1bitos de consumo.<\/p>\n<p>Creo que, siguiendo la ley universal del m\u00ednimo esfuerzo, para un consumo razonable de los recursos, lo \u00fanico que hay que hacer es escucharse, solo con una escucha profunda y real de una misma, la inteligencia natural que\u00a0tenemos dentro,\u00a0nos lleva a ese consumo responsable. Y no solo eso,\u00a0\u00a0cuanto m\u00e1s nos escuchamos m\u00e1s llegamos a percibir qui\u00e9nes somos realmente y m\u00e1s se transforma ese mundo de fuera, sin esfuerzo. Pru\u00e9balo si es que no lo sab\u00edas ya.<\/p>\n<p>&nbsp;<\/p>\n<p>Y bueno, mientrastanto, aqu\u00ed van algunas ideas pr\u00e1cticas para aplicar desde ya si te resuenan.<\/p>\n<p><span style=\"color: #00ccff;\">AGUA<\/span><\/p>\n<p>Casi todos los wc tienen una posici\u00f3n para que al tirar la cadena, se utilice menos agua de la que estamos acostumbradas. Y si no la hay, se puede poner dentro del dep\u00f3sito 2 botellas llenas de agua, este volumen de agua, siempre se mantendr\u00e1 all\u00ed y el dep\u00f3sito necesitar\u00e1 menos cantidad para llenarse.<\/p>\n<p>Los d\u00edas de\u00a0invierno que me ducho entera (no siempre me lavo la cabeza) pongo un bol para recoger el agua que cae mientras no sale caliente. Esta agua la utilizo \u00a0para regar las plantas.<\/p>\n<p>Nunca me dejo los grifos abiertos mientras me lavo los dientes o mal cerrados.<\/p>\n<p>Cuando cocino y lavo la tierra de las verduras (o de mi huerto o de la cesta ecol\u00f3gica), siempre tengo un bol bajo el grifo para recoger el agua y esta la utilizo por lo mismo que anteriormente, o tambi\u00e9n la uso para ablandar restos de comida incrustada en utensilios de cocina, antes de limpiarlos.<\/p>\n<p>Utilizo el programa corto de la lavadora (menos en ropa blanca). No tengo lavavajillas pero s\u00f3lo lo utilizar\u00eda al estar todo lleno.<\/p>\n<p>Lavo los platos con un poquito de agua y jab\u00f3n en un bol peque\u00f1o y aclaro una vez todo frotado y en espera, para aprovechar m\u00e1s el agua que cae encima de ello.<\/p>\n<p>Yo bebo agua de manantial de monta\u00f1a, tengo 15 garrafas y cada 3 meses, voy a llenarlas (evidentemente, aprovecho y hago una excursi\u00f3n en la monta\u00f1a de esa zona).<\/p>\n<p>Rara vez\u00a0compro botellas de agua de pl\u00e1stico, siempre salgo de casa con mi propia botella de vidrio y cuando se me acaba la relleno de los grifos de por donde est\u00e9 (si fuera mala, evidentemente comprar\u00eda de la que encuentre); cuando viajo, tengo un filtro muy peque\u00f1o y pr\u00e1ctico para rellenar de los grifos.<\/p>\n<p>&nbsp;<\/p>\n<p><span style=\"color: #00ccff;\">HIGIENE PERSONAL<\/span><\/p>\n<p>Yo me hago mi propia pasta de dientes (arcilla blanca de uso interno, agua y esencia de menta), as\u00ed ni me pongo qu\u00edmicos en el cuerpo ni utilizo un tubo de pl\u00e1stico.<\/p>\n<p>El jab\u00f3n de manos es una pastilla de jab\u00f3n que me hace mi madre con el aceite usado, o me compro, el gel de cuerpo y champ\u00fa son ecol\u00f3gicos y si puede ser sin envase, algunos productores locales lo hacen. S\u00ed, es algo m\u00e1s caro pero yo merezco tratarme bien, a m\u00ed y al mundo\u00a0que me cuida.<\/p>\n<p>Como hidratante, utilizo aceite ecol\u00f3gico de almendra (que en Mallorca, donde vivo, hay mucha).<\/p>\n<p>Con el desodorante, no he encontrado nada casero que funcione, y por tanto, aunque es ecol\u00f3gico,\u00a0de momento tengo que usar un envase de pl\u00e1stico (el que contiene la barra). Alguien me ayuda?<\/p>\n<p>De momento, aunque tengo muchas canas y me cuesta un poquito aceptarlas, no me las ti\u00f1o, no me quedan mal y me parece que me estoy acostumbrando a la belleza de la madurez :).<\/p>\n<p>No me maquillo, solamente me gusta marcar la raya de los ojos negra con l\u00e1piz de rosa de mosqueta. Ello libera de mucho tiempo y dinero a las mujeres, que en realidad son mucho m\u00e1s bellas al natural (es mi opini\u00f3n personal).<\/p>\n<p>No uso nada m\u00e1s, por lo tanto, el volumen de envases es un 2% de lo que veo en muchas casas. Y el de qu\u00edmicos es nulo.<\/p>\n<p>&nbsp;<\/p>\n<p><span style=\"color: #00ccff;\">HIGIENE DEL HOGAR<\/span><\/p>\n<p>Tengo la suerte de que en Mallorca hay la empresa &#8220;Senseplastic&#8221; donde casi todos los productos son biodegradables y llevas los envases a rellenar cuando se acaban (yo voy cada 8 meses aprox). Desde el lavavajillas, limpiacristales, multiusos, antical, detergente de ropa, suavizante, incluso ahora tienen un desincrustante de almendras \u00e1cidas, que va fenomenal, etc.<\/p>\n<p>Y a veces utilizo vinagre. Nada mas. En internet est\u00e1 repleto de maneras caseras.<\/p>\n<p>&nbsp;<\/p>\n<p><span style=\"color: #00ccff;\">ENERG\u00cdA<\/span><\/p>\n<p>Yo soy socia de Som Energia, una cooperativa el\u00e9ctrica de fuentes renovables 100%. Aparte de ser una entidad que lucha por un nuevo modelo energ\u00e9tico y econ\u00f3mico, proporciona muchas ventajas a las socias consumidoras, a priori el precio de la energ\u00eda lo pagamos igual que las del oligopolio, pero como es una entidad social sin \u00e1nimo de lucro (en que el principal objetivo es servir a la socia y no hacerse rica) pues permite tener discriminaci\u00f3n horaria y as\u00ed pagar un precio m\u00e1s bajo (si la utilizas en franjas de bajo coste), tener una planta de producci\u00f3n colectiva en la que puedes invertir para tantas placas como tu consumo sea, etc &#8230;), y si el margen de beneficios va a superar el acordado en asamblea, se bajan los precios. Eso nunca ocurrir\u00eda con la mentalidad de las grandes el\u00e9ctricas espa\u00f1olas.<\/p>\n<p>Las bombillas son de LED.<\/p>\n<p>Apago los pocos &#8220;standby&#8221; que tengo, cuando no tengo encendido nada.<\/p>\n<p>No me dejo las luces encendidas.<\/p>\n<p>Tengo la suerte de tener mucha luz natural.<\/p>\n<p>Desgraciadamente tengo el sistema de calefacci\u00f3n el\u00e9ctrico, lo uso con conciencia y m\u00e1s abrigada.<\/p>\n<p>Tambi\u00e9n me gustar\u00eda que la cocina no fuera el\u00e9ctrica pero lo es, juego con el tiempo apagando antes los \u201cfogones\u201d, etc. pongo la tapa, cocino mucho con olla a presi\u00f3n (menos tiempo, menos agua y m\u00e1s sano), utilizo el horno para m\u00e1s de una cosa a la vez (normalmente hago\u00a0pan cuando aso algo).<\/p>\n<p>&nbsp;<\/p>\n<p><span style=\"color: #00ccff;\">MOVILIDAD<\/span><\/p>\n<p>Aqu\u00ed todav\u00eda no soy demasiado ecol\u00f3gica porque hago uso de mi propio veh\u00edculo. Soy socia de la cooperativa e-coche de Palma (coche compartido el\u00e9ctrico), pero de momento no usuaria, s\u00f3lo para apoyar.<\/p>\n<p>De momento tampoco tengo un coche el\u00e9ctrico pero soy consciente en la conducci\u00f3n; no acelero si ya veo que tendr\u00e9 que parar, intento frenar el m\u00ednimo, etc. sinceramente, me resulta mucho m\u00e1s divertido conducir as\u00ed que no estando con la cabeza en otro lado inconscientemente.<\/p>\n<p>Cuando voy al centro, uso la bicicleta, es la manera m\u00e1s pr\u00e1ctica de desplazarse.<\/p>\n<p>Peco cuando cojo aviones y lo hago m\u00e1s que antes porque ahora vivo en Mallorca. Pero tampoco me castigo.<\/p>\n<p>Me encanta no tener ascensor.<\/p>\n<p>&nbsp;<\/p>\n<p><span style=\"color: #00ccff;\">TELEFON\u00cdA E INTERNET<\/span><\/p>\n<p>Soy socia de Som Connexi\u00f3, una cooperativa de estos servicios. Con ello contribuyo tambi\u00e9n al cambio de modelo econ\u00f3mico hacia un modelo m\u00e1s horizontal y cercano. No me gusta depender tanto de las multinacionales.<\/p>\n<p>&nbsp;<\/p>\n<p><span style=\"color: #00ccff;\">ALIMENTACI\u00d3N<\/span><\/p>\n<p>Consumir todo fresco y ecol\u00f3gico (tenga el sello o no, no me importa que no lo tenga si s\u00e9 que lo es porque conozco la persona que produce).<\/p>\n<p>A\u00fan no me he hecho vegetariana, creo que alg\u00fan d\u00eda me llegar\u00e1, pero consumo muy poca carne y cuando lo hago, la compro de ternera y cerdo felices y sanos mallorquines (ecol\u00f3gicos), mucho m\u00e1s caro pero casi no como, y de nuevo, me lo merezco si siento que el cuerpo me lo pide, creo que estoy lejos de estar iluminada y saber calmar todos los sentidos.<\/p>\n<p>Cuando\u00a0como fuera,\u00a0 me adapto, no me importa tanto si no es de animales felices, ecol\u00f3gicos etc.. aunque muchas veces ni me sale pedir seg\u00fan qu\u00e9 carne y tampoco como tanto fuera.<\/p>\n<p>Me gustaba mucho el at\u00fan de lata (la roja est\u00e1 en peligro de extinci\u00f3n y las latas de aluminio son muy t\u00f3xicas), ya no lo compro, compro caballa en aceite. Y el resto de pescado, siempre fresco y local (est\u00e1n obligados a poner el origen).<\/p>\n<p>Tambi\u00e9n tengo mi propio huerto. Y hierbas arom\u00e1ticas en el balc\u00f3n.<\/p>\n<p>&nbsp;<\/p>\n<p><span style=\"color: #00ccff;\">RESIDUOS<\/span><\/p>\n<p>A m\u00ed me da pena tirar los restos org\u00e1nicos en la basura, porque s\u00e9 que van a quemarlos; yo tengo una bermicopostera en el balc\u00f3n del norte donde alimento con los residuos org\u00e1nicos unos gusanos que me proporcionar\u00e1n tierra f\u00e9rtil para mis plantas y evitar\u00e9 comprar abono.<\/p>\n<p>Evidentemente reciclo los\u00a0pocos envases que consumo. Soy muy consciente cuando compro y lo hago sin envoltorios al m\u00e1ximo posible.<\/p>\n<p>Reutilizar (como envases de vidrio para poner frutos secos y cereales por ejemplo, o tambi\u00e9n los uso de maceteros para cactus, en internet hay mil ideas, para reutilizar; el papel, para escribir en bruto, o para la bbq, etc. no consumo demasiado papel porque lo tengo casi todo electr\u00f3nico, no imprimo nada y en el buz\u00f3n tengo un &#8220;publicidad no por favor. gracias&#8221;.<\/p>\n<p>Cuando trabajaba en una oficina e iba a tomar el caf\u00e9 de m\u00e1quina con mis compa\u00f1eras de trabajo, siempre solicitaba la opci\u00f3n &#8220;sin vaso&#8221; y pon\u00eda yo el m\u00edo. Me resultaba incre\u00edble que fuera la \u00fanica que lo hac\u00eda y sobretodo cuando alguno me llamaba exagerada :).<br \/>\nEn mi veh\u00edculo siempre llevo un set de camping (vasos, platos y cubiertos) por lo que se pueda improvisar y en las fiestas que organizo, aunque me llamen pesada, les pido que cada cual traiga el suyo :).<\/p>\n<p>Y en cuanto a compresas, tampones etc .. nada de nada, no genero ni un \u00fanico residuo, utilizo la moon cup, una copa de silicona que se introduce por la ma\u00f1ana y se quita por la noche, recoge la sangre durante todo el d\u00eda e incluso puedes darle a las plantas de casa, las m\u00edas est\u00e1n muy bonitas. Es m\u00e1s pr\u00e1ctico, barato, sano, ecol\u00f3gico y te conecta m\u00e1s contigo misma.<\/p>\n<p>&nbsp;<\/p>\n<p><span style=\"color: #00ccff;\">ROPA<\/span><\/p>\n<p>Me gusta intercambiar ropa entre las amigas o simplemente la dono o la utilizo de trapos si ya est\u00e1 en muy mal estado.\u00a0Y evidentemente, me gusta m\u00e1s comprar en tiendas de segunda mano porque as\u00ed, le alargo el uso a la prenda, como ya est\u00e1 muchas veces lavada, no se desgasta tan f\u00e1cilmente ni se me hace ni grande ni peque\u00f1a.<\/p>\n<p>&nbsp;<\/p>\n<p><span style=\"color: #00ccff;\">DINERO<\/span><\/p>\n<p>Soy socia de Coop57, una cooperativa de cr\u00e9dito que financia proyectos de econom\u00eda social, para apoyar proyectos que construyen el mundo que quiero ver. Tambi\u00e9n soy socia de Fiare, un banco cooperativo \u00e9tico, que me sirve para mis operaciones. Hoy en d\u00eda hay muchas opciones para poner el dinero en bancos \u00e9ticos (no todos los que lo dicen lo son, pero muchos s\u00ed).<\/p>\n<p>Tambi\u00e9n soy miembro de \u00a0Community Exchange System (<span style=\"color: #00ccff;\"><a style=\"color: #00ccff;\" href=\"https:\/\/www.community-exchange.org\/home\/\">CES<\/a><\/span>) con su moneda social, y de\u00a0<span style=\"color: #00ccff;\"><a style=\"color: #00ccff;\" href=\"https:\/\/fair.coop\/es\/\">Faircoop<\/a><\/span>,\u00a0una cooperativa de consumo de bienes y servicios internacional que opera fuera del sistema capitalista, utilizo su tarjeta Fairpay y pago con Faircoins, mediante su app Faircoin wallet.<\/p>\n<p>Tengo muy en cuenta como utilizo cada uno de mis euros, me pregunto si ese gasto contribuye a un mundo mejor o no y si puedo, opto por la alternativa que s\u00ed lo hace.<\/p>\n<p>&nbsp;<\/p>\n<p>De momento esto es todo lo que ahora me ha venido a la cabeza de mis h\u00e1bitos y consumo consciente. Como ves hay muchos que son muy f\u00e1ciles o factibles de aplicar. No es cuesti\u00f3n de obsesionarse,\u00a0simplemente de ver lo f\u00e1cil que es cocrear el mundo que queremos.<\/p>\n<p>&nbsp;<\/p>","protected":false},"excerpt":{"rendered":"<p>Sorry, this entry is only available in Espa\u00f1ol. For the sake of viewer convenience, the content is shown below in the alternative language. You may click the link to switch the active language.Con este t\u00edtulo[&#8230;]<\/p>\n","protected":false},"author":1,"featured_media":0,"parent":0,"menu_order":0,"comment_status":"closed","ping_status":"closed","template":"","meta":{"_joinchat":[],"footnotes":""},"class_list":["post-236","page","type-page","status-publish","hentry"],"_links":{"self":[{"href":"https:\/\/canvida.net\/en\/wp-json\/wp\/v2\/pages\/236","targetHints":{"allow":["GET"]}}],"collection":[{"href":"https:\/\/canvida.net\/en\/wp-json\/wp\/v2\/pages"}],"about":[{"href":"https:\/\/canvida.net\/en\/wp-json\/wp\/v2\/types\/page"}],"author":[{"embeddable":true,"href":"https:\/\/canvida.net\/en\/wp-json\/wp\/v2\/users\/1"}],"replies":[{"embeddable":true,"href":"https:\/\/canvida.net\/en\/wp-json\/wp\/v2\/comments?post=236"}],"version-history":[{"count":39,"href":"https:\/\/canvida.net\/en\/wp-json\/wp\/v2\/pages\/236\/revisions"}],"predecessor-version":[{"id":659,"href":"https:\/\/canvida.net\/en\/wp-json\/wp\/v2\/pages\/236\/revisions\/659"}],"wp:attachment":[{"href":"https:\/\/canvida.net\/en\/wp-json\/wp\/v2\/media?parent=236"}],"curies":[{"name":"wp","href":"https:\/\/api.w.org\/{rel}","templated":true}]}}