{"id":248,"date":"2017-04-05T14:29:28","date_gmt":"2017-04-05T14:29:28","guid":{"rendered":"https:\/\/canvida.net\/?page_id=248"},"modified":"2020-04-26T11:02:30","modified_gmt":"2020-04-26T11:02:30","slug":"eco-alfabetitzacion","status":"publish","type":"page","link":"https:\/\/canvida.net\/en\/eco-alfabetitzacion\/","title":{"rendered":"Eco-alphabetittation"},"content":{"rendered":"<p>Algunos datos y conceptos.<\/p>\n<p>&nbsp;<\/p>\n<p>Vivimos en un mundo complejo e interdependiente. Venimos de un per\u00edodo de 10,000 a\u00f1os de equilibrio ecol\u00f3gico y clim\u00e1tico (Holoceno) que ha proporcionado estabilidad para la humanidad.<\/p>\n<p>&nbsp;<\/p>\n<p>Nuestro crecimiento ha sido:<\/p>\n<p>-Sostenido desde la agricultura hasta la revoluci\u00f3n industrial (extracci\u00f3n de petr\u00f3leo, gas, etc).<\/p>\n<p>-Exponencial desde el siglo XIX (consumismo extremo).<\/p>\n<p>-Ininterrumpido hasta que ha llegado a los l\u00edmites biof\u00edsicos de la tierra.<\/p>\n<p>&nbsp;<\/p>\n<p>Datos curiosos:<\/p>\n<p>Un dep\u00f3sito de gasolina contiene 8.000 horas de trabajo humano. Por lo tanto, si trabajaras 8 horas al d\u00eda, 7 d\u00edas a la semana, 52 semanas al a\u00f1o, ser\u00edan 2.912 horas trabajadas; llegar\u00edas a alcanzar la capacidad del petr\u00f3leo del dep\u00f3sito de tu coche con m\u00e1s de 2 a\u00f1os de trabajo continuo.<\/p>\n<p>Cada espa\u00f1ol consume de media unos 4,5 Kw, de manera que cada una de nosotras vivimos como si tuvi\u00e9ramos 12 esclavos permanentes.<\/p>\n<p>Como se traduce? estamos esclavizando nuestra casa, la Tierra.<\/p>\n<p>&nbsp;<\/p>\n<p>Nuestro sistema econ\u00f3mico actual necesita un crecimiento sostenido.<\/p>\n<p>Como ya sabemos, el petr\u00f3leo y el gas (entre otros) son fuentes de energ\u00eda no renovable. Por tanto, se tiene la necesidad de encontrar nuevos pozos constantemente, como por ejemplo con el fracking: fracturaci\u00f3n hidr\u00e1ulica, es una t\u00e9cnica para posibilitar o aumentar la extracci\u00f3n de gas y petr\u00f3leo del subsuelo. Para ello, hay que hacer cientos de pozos ocupando amplias \u00e1reas (la separaci\u00f3n entre ellos ronda entre 0,6 a 2 km) e inyectar millones de litros de agua cargados con un c\u00f3ctel qu\u00edmico y t\u00f3xico para sacarlo. (Se sabe que hay al menos 260 sustancias qu\u00edmicas presentes y alrededor de 197 productos, y muchos de ellos se sabe que son t\u00f3xicos, cancer\u00edgenos o mutag\u00e9nicos).<\/p>\n<p>Esta necesidad de invertir muchos recursos para mantener el sistema nos pone en una situaci\u00f3n de precariedad a nosotras y las generaciones futuras.<\/p>\n<p>&nbsp;<\/p>\n<p>Normalmente hab\u00eda un equilibrio natural din\u00e1mico en el uso del carbono:<\/p>\n<p>En los mares: retenido en formas de vida marina y disuelto en el agua.<\/p>\n<p>En la tierra: retenido en las plantas y en dep\u00f3sitos f\u00f3siles de petr\u00f3leo, gas natural y carb\u00f3n.<\/p>\n<p>El factor desestabilizante del ciclo del carbono es que hemos cogido el carbono retenido en los combustibles f\u00f3siles y lo hemos colocado en la atm\u00f3sfera.<\/p>\n<p>En la actualidad los sumideros de carbono de la tierra y del mar son incapaces de absorber este excedente de carbono = empeoramiento del cambio clim\u00e1tico (CC).<\/p>\n<p>&nbsp;<\/p>\n<p>\u00bfQu\u00e9 es el C. C.?<\/p>\n<p>Modificaci\u00f3n del clima con respecto al historial clim\u00e1tico a una escala global o regional. Alteraci\u00f3n global del clima = subida generalizada de las temperaturas del planeta alterando as\u00ed su equilibrio.<\/p>\n<p>Todav\u00eda hay muchas personas que desmienten el C.C; pero, es importante? aunque no fuera cierto que hay C.C, tiene sentido seguir explotando la tierra como hasta hoy? vemos claramente que ya no.<\/p>\n<p>&nbsp;<\/p>\n<p>Seamos pues responsables y modifiquemos nuestros h\u00e1bitos. Los Gobiernos ya hablan e incluso act\u00faan, tambi\u00e9n muchas corporaciones, pero todav\u00eda queda una inercia muy veloz del sistema obsoleto para frenar, y ser\u00eda tan f\u00e1cil como que cada una de nosotras modificara sus peque\u00f1os h\u00e1bitos de consumo desde ya.<\/p>\n<p>&nbsp;<\/p>\n<p>El poder est\u00e1 en nuestras manos, aunque no lo parezca. (Puedes mirar el men\u00fa &#8220;h\u00e1bitos y consumo consciente&#8221; para ver si hay m\u00e1s ideas de las que seguro ya aplicas y si tienes tu otras que yo no tengas, por favor escr\u00edbeme un comentario).<\/p>\n<p>&nbsp;<\/p>\n<p>Salud: Estado del organismo libre de enfermedades, que ejerce normalmente todas sus funciones.<\/p>\n<p>Bienestar: Situaci\u00f3n en que se encuentran satisfechas las necesidades de la vida.<\/p>\n<p>Armon\u00eda: Justa adaptaci\u00f3n, entre ellas, de las partes o cosas que forman un todo.<\/p>\n<p>&nbsp;<\/p>\n<p>Tienes la misma visi\u00f3n?<\/p>","protected":false},"excerpt":{"rendered":"<p>Algunos datos y conceptos. &nbsp; Vivimos en un mundo complejo e interdependiente. Venimos de un per\u00edodo de 10,000 a\u00f1os de equilibrio ecol\u00f3gico y clim\u00e1tico (Holoceno) que ha proporcionado estabilidad para la humanidad. &nbsp; Nuestro crecimiento[&#8230;]<\/p>\n","protected":false},"author":1,"featured_media":0,"parent":0,"menu_order":0,"comment_status":"closed","ping_status":"closed","template":"","meta":{"_joinchat":[],"footnotes":""},"class_list":["post-248","page","type-page","status-publish","hentry"],"_links":{"self":[{"href":"https:\/\/canvida.net\/en\/wp-json\/wp\/v2\/pages\/248","targetHints":{"allow":["GET"]}}],"collection":[{"href":"https:\/\/canvida.net\/en\/wp-json\/wp\/v2\/pages"}],"about":[{"href":"https:\/\/canvida.net\/en\/wp-json\/wp\/v2\/types\/page"}],"author":[{"embeddable":true,"href":"https:\/\/canvida.net\/en\/wp-json\/wp\/v2\/users\/1"}],"replies":[{"embeddable":true,"href":"https:\/\/canvida.net\/en\/wp-json\/wp\/v2\/comments?post=248"}],"version-history":[{"count":11,"href":"https:\/\/canvida.net\/en\/wp-json\/wp\/v2\/pages\/248\/revisions"}],"predecessor-version":[{"id":641,"href":"https:\/\/canvida.net\/en\/wp-json\/wp\/v2\/pages\/248\/revisions\/641"}],"wp:attachment":[{"href":"https:\/\/canvida.net\/en\/wp-json\/wp\/v2\/media?parent=248"}],"curies":[{"name":"wp","href":"https:\/\/api.w.org\/{rel}","templated":true}]}}