{"id":255,"date":"2017-04-05T15:26:22","date_gmt":"2017-04-05T15:26:22","guid":{"rendered":"https:\/\/canvida.net\/?page_id=255"},"modified":"2020-04-26T11:50:29","modified_gmt":"2020-04-26T11:50:29","slug":"movimiento-transition-towns-o-ciudades-en-transicion","status":"publish","type":"page","link":"https:\/\/canvida.net\/en\/movimiento-transition-towns-o-ciudades-en-transicion\/","title":{"rendered":"Transition Towns Movement"},"content":{"rendered":"<p class=\"qtranxs-available-languages-message qtranxs-available-languages-message-en\">Sorry, this entry is only available in <a href=\"https:\/\/canvida.net\/es\/wp-json\/wp\/v2\/pages\/255\" class=\"qtranxs-available-language-link qtranxs-available-language-link-es\" title=\"Espa\u00f1ol\">Espa\u00f1ol<\/a>. For the sake of viewer convenience, the content is shown below in the alternative language. You may click the link to switch the active language.<\/p><p><span style=\"color: #00ccff;\">Breve res\u00famen<\/span><\/p>\n<p>El primer movimiento de transici\u00f3n (Transition Towns o &#8220;ciudades en transici\u00f3n&#8221;) surgi\u00f3 en Totnes (UK) en 2006.<\/p>\n<p>B\u00e1sicamente busca un proceso colectivo para dotar a los municipios, pueblos, barrios o regiones de las herramientas adecuadas para hacerlas menos vulnerable y con m\u00e1s capacidad de reacci\u00f3n a los problemas del cambio clim\u00e1tico y el pico del petr\u00f3leo.<\/p>\n<p><span style=\"color: #00ccff;\"><u>Las 6 afirmaciones del movimiento de transici\u00f3n<\/u><\/span><\/p>\n<p>Que el pico del petr\u00f3leo y el cambio clim\u00e1tico requieren actuar urgentemente.<\/p>\n<ul>\n<li>Que la vida con un descenso dram\u00e1tico del consumo energ\u00e9tico es inevitable, y por tanto mejor prevenir que ser cogido por sorpresa.<\/li>\n<li>Que la falta de resiliencia actual hace que en estos momentos nuestras comunidades no est\u00e9n preparadas para afrontar los choques de la crisis global.<\/li>\n<li>Que el crecimiento infinito dentro de un sistema finito como nuestro planeta es imposible.<\/li>\n<li>Que debemos actuar colectivamente y debemos hacerlo ahora.<\/li>\n<li>Que dando rienda suelta a la creatividad de la comunidad podemos proactivamente dise\u00f1ar nuestro descenso energ\u00e9tico y construir modos de vida m\u00e1s conectados y ricos que reconozcan los l\u00edmites f\u00edsicos de nuestro planeta.<\/li>\n<\/ul>\n<p><span style=\"color: #00ccff;\"><u>El modelo<\/u><\/span><\/p>\n<p>El modelo de las iniciativas en transici\u00f3n presenta de manera impl\u00edcita los fundamentos de la permacultura y se puede definir por los siguientes principios:<\/p>\n<ol>\n<li>Visi\u00f3n positiva del futuro<\/li>\n<li>Inclusi\u00f3n y apertura:<\/li>\n<li>Concienciaci\u00f3n<\/li>\n<li>Construir resiliencia comunitaria<\/li>\n<li>Transici\u00f3n interna y externa<\/li>\n<li>Manifestaciones pr\u00e1cticas<\/li>\n<li>Compartir y crear redes<\/li>\n<li>Modelo viral<\/li>\n<\/ol>\n<p><span style=\"color: #00ccff;\"><u>Las Motivaciones<\/u><\/span><\/p>\n<p>\u00bfQu\u00e9 motiva a un grupo de personas a formar una iniciativa de transici\u00f3n en su comunidad? \u00bfCu\u00e1l es el <em>click<\/em> que les empuja a organizarse colectivamente para dise\u00f1ar un futuro diferente? \u00bfQu\u00e9 les atrae a involucrarse en la iniciativa local que existe en su barrio?<\/p>\n<ul>\n<li>Por la crisis econ\u00f3mica<\/li>\n<li>Porque estamos\u00a0alcanzando el pico del petr\u00f3leo<\/li>\n<li>Por el cambio clim\u00e1tico<\/li>\n<li>Porque quiero un mundo m\u00e1s justo<\/li>\n<li>Por miedo<\/li>\n<li>Porque me parece lo m\u00e1s apropiado<\/li>\n<li>Porque significa que podemos desarrollar el proyecto con el que siempre hemos so\u00f1ado<\/li>\n<li>Porque me da esperanza<\/li>\n<li>Porque es divertido<\/li>\n<\/ul>\n<p><span style=\"color: #00ccff;\"><u>12 pasos a los ingredientes de la transici\u00f3n<\/u><\/span><\/p>\n<ol>\n<li>Formar un grupo directivo o catalizador<\/li>\n<li>Sensibilizar<\/li>\n<li>Poner los cimientos<\/li>\n<li>Organizar el lanzamiento<\/li>\n<li>Formaci\u00f3n de grupos de trabajo<\/li>\n<li>Utilizar el m\u00e9todo Open Space o otras din\u00e1micas para dinamizar los encuentros de las iniciativas en transici\u00f3n<\/li>\n<li>Desarrollar manifestaciones pr\u00e1cticas y visibles del proyecto<\/li>\n<li>Facilitar la \u201cGran Capacitaci\u00f3n\u201d<\/li>\n<li>Crear un puente con la administraci\u00f3n local<\/li>\n<li>Honrar a los mayores<\/li>\n<li>No forzar los resultados<\/li>\n<li>Crear un Plan para el Descenso Energ\u00e9tico (EDAP)<\/li>\n<\/ol>\n<p>&nbsp;<\/p>\n<p>Te animas a crear uno? M\u00e1ndame un comentario<\/p>\n<p>&nbsp;<\/p>","protected":false},"excerpt":{"rendered":"<p>Sorry, this entry is only available in Espa\u00f1ol. For the sake of viewer convenience, the content is shown below in the alternative language. You may click the link to switch the active language.Breve res\u00famen El[&#8230;]<\/p>\n","protected":false},"author":1,"featured_media":0,"parent":0,"menu_order":0,"comment_status":"closed","ping_status":"closed","template":"","meta":{"_joinchat":[],"footnotes":""},"class_list":["post-255","page","type-page","status-publish","hentry"],"_links":{"self":[{"href":"https:\/\/canvida.net\/en\/wp-json\/wp\/v2\/pages\/255","targetHints":{"allow":["GET"]}}],"collection":[{"href":"https:\/\/canvida.net\/en\/wp-json\/wp\/v2\/pages"}],"about":[{"href":"https:\/\/canvida.net\/en\/wp-json\/wp\/v2\/types\/page"}],"author":[{"embeddable":true,"href":"https:\/\/canvida.net\/en\/wp-json\/wp\/v2\/users\/1"}],"replies":[{"embeddable":true,"href":"https:\/\/canvida.net\/en\/wp-json\/wp\/v2\/comments?post=255"}],"version-history":[{"count":11,"href":"https:\/\/canvida.net\/en\/wp-json\/wp\/v2\/pages\/255\/revisions"}],"predecessor-version":[{"id":646,"href":"https:\/\/canvida.net\/en\/wp-json\/wp\/v2\/pages\/255\/revisions\/646"}],"wp:attachment":[{"href":"https:\/\/canvida.net\/en\/wp-json\/wp\/v2\/media?parent=255"}],"curies":[{"name":"wp","href":"https:\/\/api.w.org\/{rel}","templated":true}]}}